{"id":28019,"date":"2025-06-28T17:29:43","date_gmt":"2025-06-28T20:29:43","guid":{"rendered":"https:\/\/stayfit.com.ar\/?post_type=product&#038;p=28019"},"modified":"2026-04-22T13:09:02","modified_gmt":"2026-04-22T16:09:02","slug":"creatina-monohidrato-sin-sabor-200gr-creapure-gold-nutrition","status":"publish","type":"product","link":"https:\/\/stayfit.com.ar\/?product=creatina-monohidrato-sin-sabor-200gr-creapure-gold-nutrition","title":{"rendered":"Creatina Monohidrato Sin Sabor 200Gr &#8220;Creapure&#8221; Gold Nutrition"},"content":{"rendered":"<p>DESCRIPCION:<br \/>\nCREATINA CREAPURE\u00ae | PUREZA ALEMANA, POTENCIA GOLD NUTRITION\u00ae<br \/>\nLa creatina m\u00e1s pura y reconocida del mundo ahora tambi\u00e9n es Gold.<br \/>\n\ud83d\udc8e Con sello Creapure\u00ae y c\u00f3digo oficial de autenticidad 25GL21. Ideal para quienes buscan calidad farmac\u00e9utica y resultados reales.Creapure\u00ae no es &#8220;una creatina m\u00e1s&#8221;. Es una creatina marca registrada, desarrollada en Alemania por AlzChem Trostberg GmbH, y reconocida mundialmente por su pureza certificada, seguridad y eficacia.<\/p>\n<p>PRESENTACION:<br \/>\nDoypack (200g)<\/p>\n<p>BENEFICIOS:<br \/>\n\u25ba Aporte de Energ\u00eda R\u00e1pida<br \/>\n\u25ba Retrasa la Fatiga Muscular<br \/>\n\u25ba Aumento de Fuerza y Potencia<br \/>\n\u25ba Hidrataci\u00f3n Celular<\/p>\n<p>MODO DE USO:<br \/>\nDiluir en un vaso o shaker Gold Nutrition 1 porci\u00f3n de 5g. (una cucharita de t\u00e9) en 200ml de agua o jugo. Preferentemente post-entreno o en cualquier momento del d\u00eda<\/p>\n","protected":false},"excerpt":{"rendered":"<p>Suplemento dietario a base de Creatina Monohidrato.<br \/>\n200G | 5G CREATINA X SERV. | SELLO &#8220;CREAPURE&#8221;<br \/>\n100% PURA | AUMENTA EL VOLUMEN Y LA RESISTENCIA<\/p>\n","protected":false},"featured_media":28020,"template":"","meta":{"_monsterinsights_skip_tracking":false,"_monsterinsights_sitenote_active":false,"_monsterinsights_sitenote_note":"","_monsterinsights_sitenote_category":0},"product_brand":[],"product_cat":[149,141],"product_tag":[],"class_list":{"0":"post-28019","1":"product","2":"type-product","3":"status-publish","4":"has-post-thumbnail","6":"product_cat-creatinas","7":"product_cat-gold-nutrition","9":"first","10":"instock","11":"taxable","12":"shipping-taxable","13":"purchasable","14":"product-type-simple"},"_links":{"self":[{"href":"https:\/\/stayfit.com.ar\/index.php?rest_route=\/wp\/v2\/product\/28019","targetHints":{"allow":["GET"]}}],"collection":[{"href":"https:\/\/stayfit.com.ar\/index.php?rest_route=\/wp\/v2\/product"}],"about":[{"href":"https:\/\/stayfit.com.ar\/index.php?rest_route=\/wp\/v2\/types\/product"}],"wp:featuredmedia":[{"embeddable":true,"href":"https:\/\/stayfit.com.ar\/index.php?rest_route=\/wp\/v2\/media\/28020"}],"wp:attachment":[{"href":"https:\/\/stayfit.com.ar\/index.php?rest_route=%2Fwp%2Fv2%2Fmedia&parent=28019"}],"wp:term":[{"taxonomy":"product_brand","embeddable":true,"href":"https:\/\/stayfit.com.ar\/index.php?rest_route=%2Fwp%2Fv2%2Fproduct_brand&post=28019"},{"taxonomy":"product_cat","embeddable":true,"href":"https:\/\/stayfit.com.ar\/index.php?rest_route=%2Fwp%2Fv2%2Fproduct_cat&post=28019"},{"taxonomy":"product_tag","embeddable":true,"href":"https:\/\/stayfit.com.ar\/index.php?rest_route=%2Fwp%2Fv2%2Fproduct_tag&post=28019"}],"curies":[{"name":"wp","href":"https:\/\/api.w.org\/{rel}","templated":true}]}}