{"id":28032,"date":"2025-06-29T20:53:10","date_gmt":"2025-06-29T23:53:10","guid":{"rendered":"https:\/\/stayfit.com.ar\/?post_type=product&#038;p=28032"},"modified":"2026-04-22T13:54:20","modified_gmt":"2026-04-22T16:54:20","slug":"100-whey-907gr-creatina-monohidrato-creapure-200gr-gold-nutrition","status":"publish","type":"product","link":"https:\/\/stayfit.com.ar\/?product=100-whey-907gr-creatina-monohidrato-creapure-200gr-gold-nutrition","title":{"rendered":"100% Whey 907Gr + Creatina Monohidrato &#8220;Creapure&#8221; 200Gr  Gold Nutrition"},"content":{"rendered":"<p>DESCRIPCION 100% WHEY:<\/p>\n<p>100% Whey Protein\u00a0est\u00e1 dise\u00f1ada para cualquier persona que quiera complementar sus objetivos nutricionales y f\u00edsicos.<br \/>\nGold\u00a0Nutrici\u00f3n\u00a0garantiza el mejor concentrado disponible que podr\u00e1 encontrar en el mercado.\u00a0100% WHEY PROTEIN\u00a0puede considerarse como el m\u00e1ximo standard en calidad y pureza demostrado por laboratorios.<br \/>\nAdem\u00e1s est\u00e1 certificado Libre de Gluten, \u201d SIN T.A.C.C.\u201d<\/p>\n<p>MODO DE USO 100% WHEY:<\/p>\n<p>Diluir en un shaker GOLD NUTRITION 1 medida \u201ccolmada\u201d 35gs. en 200ml o 250 ml de agua o leche descremada.<br \/>\nBatir y consumir.<\/p>\n<p>DESCRIPCION CREATINA:<\/p>\n<p>CREATINA CREAPURE\u00ae | PUREZA ALEMANA, POTENCIA GOLD NUTRITION\u00ae<br \/>\nLa creatina m\u00e1s pura y reconocida del mundo ahora tambi\u00e9n es Gold.<br \/>\nCon sello Creapure\u00ae y c\u00f3digo oficial de autenticidad 25GL21. Ideal para quienes buscan calidad farmac\u00e9utica y resultados reales.Creapure\u00ae no es \u201cuna creatina m\u00e1s\u201d. Es una creatina marca registrada, desarrollada en Alemania por AlzChem Trostberg GmbH, y reconocida mundialmente por su pureza certificada, seguridad y eficacia.<\/p>\n<p>MODO DE USO CREATINA:<\/p>\n<p>5gs una vez al d\u00eda en cualquier momento dia. Diluir 250ml de agua o jugo.<\/p>\n","protected":false},"excerpt":{"rendered":"<p>Prueba<\/p>\n","protected":false},"featured_media":28035,"template":"","meta":{"_monsterinsights_skip_tracking":false,"_monsterinsights_sitenote_active":false,"_monsterinsights_sitenote_note":"","_monsterinsights_sitenote_category":0},"product_brand":[],"product_cat":[192,141],"product_tag":[],"class_list":{"0":"post-28032","1":"product","2":"type-product","3":"status-publish","4":"has-post-thumbnail","6":"product_cat-combos","7":"product_cat-gold-nutrition","9":"first","10":"instock","11":"taxable","12":"shipping-taxable","13":"purchasable","14":"product-type-simple"},"_links":{"self":[{"href":"https:\/\/stayfit.com.ar\/index.php?rest_route=\/wp\/v2\/product\/28032","targetHints":{"allow":["GET"]}}],"collection":[{"href":"https:\/\/stayfit.com.ar\/index.php?rest_route=\/wp\/v2\/product"}],"about":[{"href":"https:\/\/stayfit.com.ar\/index.php?rest_route=\/wp\/v2\/types\/product"}],"wp:featuredmedia":[{"embeddable":true,"href":"https:\/\/stayfit.com.ar\/index.php?rest_route=\/wp\/v2\/media\/28035"}],"wp:attachment":[{"href":"https:\/\/stayfit.com.ar\/index.php?rest_route=%2Fwp%2Fv2%2Fmedia&parent=28032"}],"wp:term":[{"taxonomy":"product_brand","embeddable":true,"href":"https:\/\/stayfit.com.ar\/index.php?rest_route=%2Fwp%2Fv2%2Fproduct_brand&post=28032"},{"taxonomy":"product_cat","embeddable":true,"href":"https:\/\/stayfit.com.ar\/index.php?rest_route=%2Fwp%2Fv2%2Fproduct_cat&post=28032"},{"taxonomy":"product_tag","embeddable":true,"href":"https:\/\/stayfit.com.ar\/index.php?rest_route=%2Fwp%2Fv2%2Fproduct_tag&post=28032"}],"curies":[{"name":"wp","href":"https:\/\/api.w.org\/{rel}","templated":true}]}}