{"id":43599,"date":"2025-08-26T17:39:35","date_gmt":"2025-08-26T20:39:35","guid":{"rendered":"https:\/\/stayfit.com.ar\/?post_type=product&#038;p=43599"},"modified":"2026-04-28T12:02:42","modified_gmt":"2026-04-28T15:02:42","slug":"pre-workout-300g-optimun-nutrition","status":"publish","type":"product","link":"https:\/\/stayfit.com.ar\/?product=pre-workout-300g-optimun-nutrition","title":{"rendered":"PRE WORKOUT 300g OPTIMUN NUTRITION"},"content":{"rendered":"<p>Descripci\u00f3n del producto<br \/>\nEste pre-entreno desarrollado por Optimum Nutrition es el impulso perfecto para maximizar tu rendimiento en cada entrenamiento. Formulado para mejorar la concentraci\u00f3n, aumentar la energ\u00eda y potenciar la resistencia muscular, Gold Standard 100% Pre-Workout te prepara para darlo todo en cada ejercicio. Su combinaci\u00f3n de ingredientes de alta calidad ayudan a mantenerte enfocado y motivado desde la primera repetici\u00f3n hasta la \u00faltima, garantizando un rendimiento constante y efectivo.<\/p>\n<p>Cada porci\u00f3n aporta:<br \/>\n175 mg de cafe\u00edna.<br \/>\n3 gramos de creatina monohidratada.<br \/>\n1.5 gramos de beta-alanina.<\/p>\n<p>Uso sugerido (rinde 30 servicios):<br \/>\n\u27a1\ufe0f Mezclar 1 scoop en 180 a 240 ml de agua fr\u00eda y agitar durante 30 segundos antes de consumir.<br \/>\n\u23f0 Consumir 30 minutos antes del ejercicio.<\/p>\n","protected":false},"excerpt":{"rendered":"<p>PRE ENTRENO OPTIMUN NUTRITION (IMPORTADO USA)<br \/>\nPre Workout de OPTIMUN NUTRITION es un suplemento de pre-entrenamiento en polvo que te proporciona una energ\u00eda explosiva, unos enormes bombeos musculares y m\u00e1s fuerza para que mejores la intensidad de tus entrenamientos.<\/p>\n<p>Contiene 30 servicios.<\/p>\n<p>Cada porci\u00f3n aporta:<br \/>\n175 mg de cafe\u00edna.<br \/>\n3 gramos de creatina monohidratada.<br \/>\n1.5 gramos de beta-alanina.<\/p>\n","protected":false},"featured_media":43600,"template":"","meta":{"_monsterinsights_skip_tracking":false,"_monsterinsights_sitenote_active":false,"_monsterinsights_sitenote_note":"","_monsterinsights_sitenote_category":0},"product_brand":[],"product_cat":[186,155],"product_tag":[],"class_list":{"0":"post-43599","1":"product","2":"type-product","3":"status-publish","4":"has-post-thumbnail","6":"product_cat-importados","7":"product_cat-pre-entrenos","9":"first","10":"instock","11":"taxable","12":"shipping-taxable","13":"purchasable","14":"product-type-simple"},"_links":{"self":[{"href":"https:\/\/stayfit.com.ar\/index.php?rest_route=\/wp\/v2\/product\/43599","targetHints":{"allow":["GET"]}}],"collection":[{"href":"https:\/\/stayfit.com.ar\/index.php?rest_route=\/wp\/v2\/product"}],"about":[{"href":"https:\/\/stayfit.com.ar\/index.php?rest_route=\/wp\/v2\/types\/product"}],"wp:featuredmedia":[{"embeddable":true,"href":"https:\/\/stayfit.com.ar\/index.php?rest_route=\/wp\/v2\/media\/43600"}],"wp:attachment":[{"href":"https:\/\/stayfit.com.ar\/index.php?rest_route=%2Fwp%2Fv2%2Fmedia&parent=43599"}],"wp:term":[{"taxonomy":"product_brand","embeddable":true,"href":"https:\/\/stayfit.com.ar\/index.php?rest_route=%2Fwp%2Fv2%2Fproduct_brand&post=43599"},{"taxonomy":"product_cat","embeddable":true,"href":"https:\/\/stayfit.com.ar\/index.php?rest_route=%2Fwp%2Fv2%2Fproduct_cat&post=43599"},{"taxonomy":"product_tag","embeddable":true,"href":"https:\/\/stayfit.com.ar\/index.php?rest_route=%2Fwp%2Fv2%2Fproduct_tag&post=43599"}],"curies":[{"name":"wp","href":"https:\/\/api.w.org\/{rel}","templated":true}]}}