{"id":43688,"date":"2025-09-03T16:48:42","date_gmt":"2025-09-03T19:48:42","guid":{"rendered":"https:\/\/stayfit.com.ar\/?post_type=product&#038;p=43688"},"modified":"2025-10-11T10:36:46","modified_gmt":"2025-10-11T13:36:46","slug":"omega-3-1200mg-vit-d3-1000ui-natures-bounty","status":"publish","type":"product","link":"https:\/\/stayfit.com.ar\/?product=omega-3-1200mg-vit-d3-1000ui-natures-bounty","title":{"rendered":"FISH OIL 1200mg  60caps NATURE\u00b4S BOUNTY"},"content":{"rendered":"<p>DESCRIPCION:<br \/>\n60 unidades; 1200 mg aceite de pescado + c\u00e1psulas blandas D3<\/p>\n<p>Aceite de pescado Nature&#8217;s Bounty EPA y DHA contienen los dos \u00e1cidos grasos omega-3 m\u00e1s estudiados; los \u00e1cidos grasos son nutrientes esenciales que ayudan a apoyar la salud de tu sistema cardiovascular<\/p>\n<p>PURITY IS OUR PRIORITY Nature&#8217;s Bounty est\u00e1 comprometido con la seguridad y la pureza en todos nuestros suplementos; nuestro aceite de pescado no contienen mariscos; no son transg\u00e9nicos; sin gluten ni az\u00facar; y no contienen sabores artificiales ni edulcorantes<br \/>\nDe los expertos en bienestar de confianza, el aceite de pescado Nature&#8217;s Bounty + D3 Softgels son un producto de casi 50 a\u00f1os de dedicaci\u00f3n a la calidad; consistencia e investigaci\u00f3n cient\u00edfica para hacer vitaminas y suplementos nutricionales de excelencia inigualable<\/p>\n<p>MODO DE USO:<br \/>\n1 capsulas por d\u00eda tomar con mucha agua<\/p>\n","protected":false},"excerpt":{"rendered":"<p>FISH OIL 1200mg NATURE\u00b4S<br \/>\n60 CAPSULAS BLANDAS<\/p>\n<p>&#8211; SALUD CARDIOVASCULAR<br \/>\n&#8211; SALUD CEREBRAL Y ESTADO DE ANIMO<br \/>\n&#8211; HUESOS Y MUSCULOS<br \/>\n&#8211; SISTEMA INMUNOLOGICO<br \/>\n&#8211; SALUD OCULAR Y PIEL<\/p>\n","protected":false},"featured_media":48431,"template":"","meta":{"_monsterinsights_skip_tracking":false,"_monsterinsights_sitenote_active":false,"_monsterinsights_sitenote_note":"","_monsterinsights_sitenote_category":0},"product_brand":[],"product_cat":[174,186],"product_tag":[],"class_list":{"0":"post-43688","1":"product","2":"type-product","3":"status-publish","4":"has-post-thumbnail","6":"product_cat-omega-3","7":"product_cat-importados","9":"first","10":"outofstock","11":"taxable","12":"shipping-taxable","13":"purchasable","14":"product-type-simple"},"_links":{"self":[{"href":"https:\/\/stayfit.com.ar\/index.php?rest_route=\/wp\/v2\/product\/43688","targetHints":{"allow":["GET"]}}],"collection":[{"href":"https:\/\/stayfit.com.ar\/index.php?rest_route=\/wp\/v2\/product"}],"about":[{"href":"https:\/\/stayfit.com.ar\/index.php?rest_route=\/wp\/v2\/types\/product"}],"wp:featuredmedia":[{"embeddable":true,"href":"https:\/\/stayfit.com.ar\/index.php?rest_route=\/wp\/v2\/media\/48431"}],"wp:attachment":[{"href":"https:\/\/stayfit.com.ar\/index.php?rest_route=%2Fwp%2Fv2%2Fmedia&parent=43688"}],"wp:term":[{"taxonomy":"product_brand","embeddable":true,"href":"https:\/\/stayfit.com.ar\/index.php?rest_route=%2Fwp%2Fv2%2Fproduct_brand&post=43688"},{"taxonomy":"product_cat","embeddable":true,"href":"https:\/\/stayfit.com.ar\/index.php?rest_route=%2Fwp%2Fv2%2Fproduct_cat&post=43688"},{"taxonomy":"product_tag","embeddable":true,"href":"https:\/\/stayfit.com.ar\/index.php?rest_route=%2Fwp%2Fv2%2Fproduct_tag&post=43688"}],"curies":[{"name":"wp","href":"https:\/\/api.w.org\/{rel}","templated":true}]}}