{"id":49029,"date":"2025-09-21T21:32:07","date_gmt":"2025-09-22T00:32:07","guid":{"rendered":"https:\/\/stayfit.com.ar\/?post_type=product&#038;p=49029"},"modified":"2025-11-24T14:24:04","modified_gmt":"2025-11-24T17:24:04","slug":"creatina-monohidrato-body-advance-300gr-sin-sabor","status":"publish","type":"product","link":"https:\/\/stayfit.com.ar\/?product=creatina-monohidrato-body-advance-300gr-sin-sabor","title":{"rendered":"<strong>CREATINA MONOHIDRATO BODY ADVANCE 300gr (SIN SABOR)<\/strong>"},"content":{"rendered":"<p>DESCRIPCION:<br \/>\nLa creatina micronizada es la uni\u00f3n de tres amino\u00e1cidos que ofrece mayores ventajas que la creatina normal, mejorando su asimilaci\u00f3n.<br \/>\nLa creatina monohidrato es recomendada durante un plan de entrenamiento para aumentar la fuerza, resistencia y recuperaci\u00f3n.<br \/>\nMODO DE USO:<br \/>\nConsumir una porcion diaria en 250ml de agua.<\/p>\n","protected":false},"excerpt":{"rendered":"<p>Suplemento dietario a base de Creatina Monohidrato.<br \/>\n300g| 5G CREATINA X SERV. | MONOHIDRATADA<br \/>\n| AUMENTA EL VOLUMEN Y LA RESISTENCIA<\/p>\n","protected":false},"featured_media":47895,"template":"","meta":{"_monsterinsights_skip_tracking":false,"_monsterinsights_sitenote_active":false,"_monsterinsights_sitenote_note":"","_monsterinsights_sitenote_category":0},"product_brand":[],"product_cat":[126,149],"product_tag":[],"class_list":{"0":"post-49029","1":"product","2":"type-product","3":"status-publish","4":"has-post-thumbnail","6":"product_cat-body-advance","7":"product_cat-creatinas","9":"first","10":"instock","11":"taxable","12":"shipping-taxable","13":"purchasable","14":"product-type-simple"},"_links":{"self":[{"href":"https:\/\/stayfit.com.ar\/index.php?rest_route=\/wp\/v2\/product\/49029","targetHints":{"allow":["GET"]}}],"collection":[{"href":"https:\/\/stayfit.com.ar\/index.php?rest_route=\/wp\/v2\/product"}],"about":[{"href":"https:\/\/stayfit.com.ar\/index.php?rest_route=\/wp\/v2\/types\/product"}],"wp:featuredmedia":[{"embeddable":true,"href":"https:\/\/stayfit.com.ar\/index.php?rest_route=\/wp\/v2\/media\/47895"}],"wp:attachment":[{"href":"https:\/\/stayfit.com.ar\/index.php?rest_route=%2Fwp%2Fv2%2Fmedia&parent=49029"}],"wp:term":[{"taxonomy":"product_brand","embeddable":true,"href":"https:\/\/stayfit.com.ar\/index.php?rest_route=%2Fwp%2Fv2%2Fproduct_brand&post=49029"},{"taxonomy":"product_cat","embeddable":true,"href":"https:\/\/stayfit.com.ar\/index.php?rest_route=%2Fwp%2Fv2%2Fproduct_cat&post=49029"},{"taxonomy":"product_tag","embeddable":true,"href":"https:\/\/stayfit.com.ar\/index.php?rest_route=%2Fwp%2Fv2%2Fproduct_tag&post=49029"}],"curies":[{"name":"wp","href":"https:\/\/api.w.org\/{rel}","templated":true}]}}