{"id":50289,"date":"2025-10-10T20:21:19","date_gmt":"2025-10-10T23:21:19","guid":{"rendered":"https:\/\/stayfit.com.ar\/?post_type=product&#038;p=50289"},"modified":"2026-03-16T11:34:10","modified_gmt":"2026-03-16T14:34:10","slug":"omega-3-1000mg-60-caps-geonat","status":"publish","type":"product","link":"https:\/\/stayfit.com.ar\/?product=omega-3-1000mg-60-caps-geonat","title":{"rendered":"OMEGA 3 1000mg (60 caps) GEONAT"},"content":{"rendered":"<p>DESCRIPCION:<br \/>\nAceite de Pescado<br \/>\nFuente de Omega 3<br \/>\n\u00bfQu\u00e9 son los \u00c1cidos grasos OMEGA?<br \/>\nSon \u00e1cidos grasos insaturados, que no podemos sintetizar, por lo que reciben el nombre de \u00c1cidos Grasos esenciales. Dependemos exclusivamente de su incorporaci\u00f3n a trav\u00e9s de la dieta o suplementos dietarios, como lo es Aceite de Pescado, de Laboratorio Provefarma SA.<br \/>\nSu incorporaci\u00f3n diaria ayuda a proteger el sistema cardiovascular, disminuir el colesterol y los triglic\u00e9ridos. Aceite de Pescado aporta nutricionalmente Omegas 3 de origen animal.<br \/>\nDentro de los m\u00e1s importantes que debemos incorporar, se encuentran el \u00e1cido eicosapentaenoico (EPA) y el \u00e1cido docosahexaenoico (DHA), ya que son de dif\u00edcil s\u00edntesis end\u00f3gena y cumplen funciones relevantes en el organismo:<br \/>\n-EPA: interviene en la regulaci\u00f3n de la funcionalidad cerebral interviniendo en el riego sangu\u00edneo neuronal, en el desarrollo \u00f3ptimo del cerebro y la vista y en la s\u00edntesis de prostaglandinas.<br \/>\n-DHA: cumple funciones estructurales formando parte de las membranas celulares y de vital importancia en el desarrollo visual en la gestaci\u00f3n y la ni\u00f1ez.<br \/>\nProvefarma SA, a trav\u00e9s de la formulaci\u00f3n de Aceite de Pescado, incorpora estos \u00c1cidos grasos esenciales para lograr satisfacer los requerimientos e incorporaci\u00f3n de Omega 3 de tu organismo.<\/p>\n<p>INFORMACI\u00d3N DEL PRODUCTO<br \/>\nSuplemento dietario a base de: Aceite de Pescado-Omega 3 y 6<br \/>\nProducto SIN TACC<br \/>\nCada comprimido contiene: Aceite de Pescado (1000mg)(*)<br \/>\n(*) Para informaci\u00f3n adicional consultar tabla nutricional.<\/p>\n<p>BENEFICIOS<br \/>\nControlar la hipertensi\u00f3n arterial y a prevenir los accidentes cardiovasculares<br \/>\nDisminuir la posibilidad de stress<br \/>\nPrevenir la formaci\u00f3n de dep\u00f3sitos de grasa en las arterias (aterosclerosis)<br \/>\nEl desarrollo del Sistema Nervioso Central desempe\u00f1ando un papel esencial durante el embarazo, la lactancia y en el crecimiento infantil<br \/>\nInhibici\u00f3n de la agregaci\u00f3n plaquetaria (Antitrombotico)<br \/>\nDisminuci\u00f3n de l\u00edpidos en sangre<\/p>\n<p>MODO DE USO<br \/>\n2 c\u00e1psulas diarios en ADULTOS<br \/>\n1 c\u00e1psula diaria en NI\u00d1OS<br \/>\nNi\u00f1os: una c\u00e1psula por d\u00eda con el almuerzo, con abundante agua preferentemente fr\u00eda.<\/p>\n","protected":false},"excerpt":{"rendered":"<p>OMEGA 3 1000mg GEONAT<br \/>\n60 CAPSULAS<\/p>\n<p>BENEFICIOS<br \/>\nControlar la hipertensi\u00f3n arterial y a prevenir los accidentes cardiovasculares<br \/>\nDisminuir la posibilidad de stress<br \/>\nPrevenir la formaci\u00f3n de dep\u00f3sitos de grasa en las arterias (aterosclerosis)<br \/>\nEl desarrollo del Sistema Nervioso Central desempe\u00f1ando un papel esencial durante el embarazo, la lactancia y en el crecimiento infantil<br \/>\nDisminuci\u00f3n de l\u00edpidos en sangre<\/p>\n","protected":false},"featured_media":50290,"template":"","meta":{"_monsterinsights_skip_tracking":false,"_monsterinsights_sitenote_active":false,"_monsterinsights_sitenote_note":"","_monsterinsights_sitenote_category":0},"product_brand":[],"product_cat":[174],"product_tag":[],"class_list":{"0":"post-50289","1":"product","2":"type-product","3":"status-publish","4":"has-post-thumbnail","6":"product_cat-omega-3","8":"first","9":"instock","10":"taxable","11":"shipping-taxable","12":"purchasable","13":"product-type-simple"},"_links":{"self":[{"href":"https:\/\/stayfit.com.ar\/index.php?rest_route=\/wp\/v2\/product\/50289","targetHints":{"allow":["GET"]}}],"collection":[{"href":"https:\/\/stayfit.com.ar\/index.php?rest_route=\/wp\/v2\/product"}],"about":[{"href":"https:\/\/stayfit.com.ar\/index.php?rest_route=\/wp\/v2\/types\/product"}],"wp:featuredmedia":[{"embeddable":true,"href":"https:\/\/stayfit.com.ar\/index.php?rest_route=\/wp\/v2\/media\/50290"}],"wp:attachment":[{"href":"https:\/\/stayfit.com.ar\/index.php?rest_route=%2Fwp%2Fv2%2Fmedia&parent=50289"}],"wp:term":[{"taxonomy":"product_brand","embeddable":true,"href":"https:\/\/stayfit.com.ar\/index.php?rest_route=%2Fwp%2Fv2%2Fproduct_brand&post=50289"},{"taxonomy":"product_cat","embeddable":true,"href":"https:\/\/stayfit.com.ar\/index.php?rest_route=%2Fwp%2Fv2%2Fproduct_cat&post=50289"},{"taxonomy":"product_tag","embeddable":true,"href":"https:\/\/stayfit.com.ar\/index.php?rest_route=%2Fwp%2Fv2%2Fproduct_tag&post=50289"}],"curies":[{"name":"wp","href":"https:\/\/api.w.org\/{rel}","templated":true}]}}