{"id":50371,"date":"2025-11-04T23:09:29","date_gmt":"2025-11-05T02:09:29","guid":{"rendered":"https:\/\/stayfit.com.ar\/?post_type=product&#038;p=50371"},"modified":"2026-05-08T00:34:12","modified_gmt":"2026-05-08T03:34:12","slug":"gold-standard-100-whey-2-libras-creatine-300gr-optimun-nutrition","status":"publish","type":"product","link":"https:\/\/stayfit.com.ar\/?product=gold-standard-100-whey-2-libras-creatine-300gr-optimun-nutrition","title":{"rendered":"Gold Standard 100% Whey 2 Libras + Creatine 300Gr Optimun Nutrition"},"content":{"rendered":"<p>DESCRIPCION PROTEINA:<br \/>\n&#8211; MARCA: ON &#8211; OPTIMUM NUTRITION\u00ae GOLD STANDARD\u00ae 100% WHEY\u2122<br \/>\n&#8211; INFORMACION NUTRICIONAL: Protein Blend (Whey Protein Isolate &#8211; Whey Protein Concentrate &#8211; Whey Peptides) \/ Natural and Artificial Flavors \/ Lecithin \/ Salt \/ Acesulfame Potassium \/ Aminogen\u00ae \/ Sucralose \/ Lactase.<br \/>\n&#8211; ALLERGEN INFORMATION: Contains Milk and Soy (Lecithin) ingredients. \/ GLUTEN FREE.<br \/>\n&#8211; CONTENIDO: 2 Lbs. \/ 908 Grs.<br \/>\n&#8211; SERVICIO: 1 Scoop (31g).<br \/>\n&#8211; SERVICIOS POR ENVASE: 29<br \/>\n&#8211; SABORES: Double Rich Chocolate \/ Strawberry &amp; Cream \/ Vanilla Ice Cream.<br \/>\n&#8211; FUNCION: Incrementar la masa muscular \/ Minimizar el tiempo de recuperaci\u00f3n.<br \/>\n&#8211; MODO DE USO: Mezclar en un shaker 1 scoop (1 servicio) en 250 cm3 de agua. Consumir 1 &#8211; 2 servicios diarios seg\u00fan necesidades nutricionales. Para \u00f3ptimos resultados, consumir 1 servicio preferentemente como colaci\u00f3n entre comidas, y\/o antes y despu\u00e9s de la actividad f\u00edsica.<br \/>\n&#8211; ORIGEN: Estados Unidos.<\/p>\n<p>DESCRIPCION CREATINA:<br \/>\n&#8211; MARCA: ON &#8211; OPTIMUM NUTRITION\u00ae<br \/>\n&#8211; INFORMACION NUTRICIONAL: 100% Creatina Monohidrato Ultra-Micronizada.<br \/>\n&#8211; TAMA\u00d1O: 10,6 Oz. \/ 300 Grs.<br \/>\n&#8211; SERVICIO: 5 gramos (1 cucharada de t\u00e9 al ras)<br \/>\nServicios por envase: 60<br \/>\n&#8211; SABOR: Sin saborizar (Neutro).<br \/>\n&#8211; FUNCION: Volumen muscular \/ Fuerza \/ Resistencia.<br \/>\n&#8211; MODO DE USO: dosis m\u00ednima recomendada 5 gramos. Dosis \u00f3ptima 1 gramo cada 10 kilos de peso corporal. Mezcla en agua o jugo. El momento del d\u00eda para su consumo es indistinto.<br \/>\n&#8211; ORIGEN: Estados Unidos.<\/p>\n","protected":false},"excerpt":{"rendered":"<p>Este combo te ayudara a incrementar tu masa muscular gracias<br \/>\na GOLD STANDARD 100% WHEY 908 gr + CREATINE 300 gr OPTIMUN NUTRITION<\/p>\n","protected":false},"featured_media":50372,"template":"","meta":{"_monsterinsights_skip_tracking":false,"_monsterinsights_sitenote_active":false,"_monsterinsights_sitenote_note":"","_monsterinsights_sitenote_category":0},"product_brand":[],"product_cat":[192,186,328],"product_tag":[],"class_list":{"0":"post-50371","1":"product","2":"type-product","3":"status-publish","4":"has-post-thumbnail","6":"product_cat-combos","7":"product_cat-importados","8":"product_cat-optimun-nutrition","10":"first","11":"instock","12":"taxable","13":"shipping-taxable","14":"purchasable","15":"product-type-simple"},"_links":{"self":[{"href":"https:\/\/stayfit.com.ar\/index.php?rest_route=\/wp\/v2\/product\/50371","targetHints":{"allow":["GET"]}}],"collection":[{"href":"https:\/\/stayfit.com.ar\/index.php?rest_route=\/wp\/v2\/product"}],"about":[{"href":"https:\/\/stayfit.com.ar\/index.php?rest_route=\/wp\/v2\/types\/product"}],"wp:featuredmedia":[{"embeddable":true,"href":"https:\/\/stayfit.com.ar\/index.php?rest_route=\/wp\/v2\/media\/50372"}],"wp:attachment":[{"href":"https:\/\/stayfit.com.ar\/index.php?rest_route=%2Fwp%2Fv2%2Fmedia&parent=50371"}],"wp:term":[{"taxonomy":"product_brand","embeddable":true,"href":"https:\/\/stayfit.com.ar\/index.php?rest_route=%2Fwp%2Fv2%2Fproduct_brand&post=50371"},{"taxonomy":"product_cat","embeddable":true,"href":"https:\/\/stayfit.com.ar\/index.php?rest_route=%2Fwp%2Fv2%2Fproduct_cat&post=50371"},{"taxonomy":"product_tag","embeddable":true,"href":"https:\/\/stayfit.com.ar\/index.php?rest_route=%2Fwp%2Fv2%2Fproduct_tag&post=50371"}],"curies":[{"name":"wp","href":"https:\/\/api.w.org\/{rel}","templated":true}]}}