{"id":50749,"date":"2026-03-15T23:35:35","date_gmt":"2026-03-16T02:35:35","guid":{"rendered":"https:\/\/stayfit.com.ar\/?post_type=product&#038;p=50749"},"modified":"2026-03-15T23:58:50","modified_gmt":"2026-03-16T02:58:50","slug":"ashwagandha-12-500mg-nutracore-90-capsulas","status":"publish","type":"product","link":"https:\/\/stayfit.com.ar\/?product=ashwagandha-12-500mg-nutracore-90-capsulas","title":{"rendered":"ASHWAGANDHA 12.500mg NUTRACORE (90 capsulas)"},"content":{"rendered":"<p>Presentaci\u00f3n: 90 c\u00e1psulas vegetales.<\/p>\n<p>Dosis por servicio: 12,500mg<br \/>\n(2 c\u00e1psulas)<\/p>\n<p>Ingredientes clave:<br \/>\n&#8211; Extracto de ra\u00edz de Ashwagandha org\u00e1nica.<br \/>\n&#8211; Extracto de pimienta negra (para aumentar la biodisponibilidad).<\/p>\n<p>Beneficios y Uso Sugerido:<br \/>\n&#8211; Reducci\u00f3n del estr\u00e9s: Ayuda a regular los niveles de cortisol, la principal hormona del estr\u00e9s.<br \/>\n&#8211; Mejora del sue\u00f1o: Promueve un descanso m\u00e1s profundo al calmar el sistema nervioso.<br \/>\n&#8211; Rendimiento f\u00edsico: Se asocia con aumentos en la fuerza muscular y la resistencia cardiovascular (VO2 max)<\/p>\n<p>Modo de uso: se recomienda tomar 2 c\u00e1psulas al d\u00eda (desayuno y cena)<\/p>\n","protected":false},"excerpt":{"rendered":"<p>ASHWAGANDHA 12.500mg NUTRACORE (90 c\u00e1psulas vegetales)<\/p>\n<p>BENEFICIOS:<\/p>\n<ul>\n<li>Reducci\u00f3n del estr\u00e9s: Ayuda a regular los niveles de cortisol, la principal hormona del estr\u00e9s.<\/li>\n<li>Mejora del sue\u00f1o: Promueve un descanso m\u00e1s profundo al calmar el sistema nervioso.<\/li>\n<li>Rendimiento f\u00edsico: Se asocia con aumentos en la fuerza muscular y la resistencia cardiovascular (VO2 max)<\/li>\n<\/ul>\n","protected":false},"featured_media":50750,"template":"","meta":{"_monsterinsights_skip_tracking":false,"_monsterinsights_sitenote_active":false,"_monsterinsights_sitenote_note":"","_monsterinsights_sitenote_category":0},"product_brand":[],"product_cat":[171,186],"product_tag":[],"class_list":{"0":"post-50749","1":"product","2":"type-product","3":"status-publish","4":"has-post-thumbnail","6":"product_cat-vitaminas","7":"product_cat-importados","9":"first","10":"instock","11":"taxable","12":"shipping-taxable","13":"purchasable","14":"product-type-simple"},"_links":{"self":[{"href":"https:\/\/stayfit.com.ar\/index.php?rest_route=\/wp\/v2\/product\/50749","targetHints":{"allow":["GET"]}}],"collection":[{"href":"https:\/\/stayfit.com.ar\/index.php?rest_route=\/wp\/v2\/product"}],"about":[{"href":"https:\/\/stayfit.com.ar\/index.php?rest_route=\/wp\/v2\/types\/product"}],"wp:featuredmedia":[{"embeddable":true,"href":"https:\/\/stayfit.com.ar\/index.php?rest_route=\/wp\/v2\/media\/50750"}],"wp:attachment":[{"href":"https:\/\/stayfit.com.ar\/index.php?rest_route=%2Fwp%2Fv2%2Fmedia&parent=50749"}],"wp:term":[{"taxonomy":"product_brand","embeddable":true,"href":"https:\/\/stayfit.com.ar\/index.php?rest_route=%2Fwp%2Fv2%2Fproduct_brand&post=50749"},{"taxonomy":"product_cat","embeddable":true,"href":"https:\/\/stayfit.com.ar\/index.php?rest_route=%2Fwp%2Fv2%2Fproduct_cat&post=50749"},{"taxonomy":"product_tag","embeddable":true,"href":"https:\/\/stayfit.com.ar\/index.php?rest_route=%2Fwp%2Fv2%2Fproduct_tag&post=50749"}],"curies":[{"name":"wp","href":"https:\/\/api.w.org\/{rel}","templated":true}]}}