{"id":50795,"date":"2026-04-02T14:00:46","date_gmt":"2026-04-02T17:00:46","guid":{"rendered":"https:\/\/stayfit.com.ar\/?post_type=product&#038;p=50795"},"modified":"2026-04-02T14:19:34","modified_gmt":"2026-04-02T17:19:34","slug":"vitamina-d3-k2-60caps-star-nutrition","status":"publish","type":"product","link":"https:\/\/stayfit.com.ar\/?product=vitamina-d3-k2-60caps-star-nutrition","title":{"rendered":"Vitamina D3 + K2 60caps Star Nutrition"},"content":{"rendered":"<p>DESCRIPCION:<br \/>\n\u00bfPor qu\u00e9 K2+D3 Star Nutrition?<br \/>\nLas vitaminas K2 y D3 trabajan en sinergia para dar un soporte integral a tus huesos y coraz\u00f3n. Su combinaci\u00f3n optimiza la salud \u00f3sea y cardiovascular, asegurando que el calcio se utilice de manera efectiva en tu cuerpo<br \/>\nLa Vitamina K2 juega un papel crucial en la prevenci\u00f3n de la calcificaci\u00f3n arterial. Asegura que el calcio se dirija de manera efectiva a los huesos y dientes y no se acumule en las arterias<br \/>\nLa combinaci\u00f3n con Vitamina D3 ayuda a mejorar la absorci\u00f3n de calcio, adem\u00e1s es conocida por su capacidad de fortalecer el sistema inmunol\u00f3gico, ayudando a combatir infecciones y enfermedades<br \/>\nLa F\u00f3rmula Combinada de vitamina K2 y D3 en un solo comprimido proporciona un soporte integral para quienes tienen deficiencia de estas vitaminas, ayudando a la absorci\u00f3n de calcio de los alimentos y su correcta distribuci\u00f3n en el cuerpo.<\/p>\n<p>MODO DE USO:<\/p>\n<p>Se recomienda consumir 1 comprimido al d\u00eda, acompa\u00f1ado de agua. Preferentemente a la ma\u00f1ana junto al desayuno.<\/p>\n","protected":false},"excerpt":{"rendered":"<p>PRESENTACI\u00d3N: En comprimidos x 60<br \/>\nBENEFICIOS:<br \/>\n\u25ba Salud cardiovascular<br \/>\n\u25ba Salud \u00f3sea y articular<br \/>\n\u25ba Apoyo inmunologico<\/p>\n","protected":false},"featured_media":50796,"template":"","meta":{"_monsterinsights_skip_tracking":false,"_monsterinsights_sitenote_active":false,"_monsterinsights_sitenote_note":"","_monsterinsights_sitenote_category":0},"product_brand":[],"product_cat":[171,129],"product_tag":[],"class_list":{"0":"post-50795","1":"product","2":"type-product","3":"status-publish","4":"has-post-thumbnail","6":"product_cat-vitaminas","7":"product_cat-star-nutrition","9":"first","10":"instock","11":"taxable","12":"shipping-taxable","13":"purchasable","14":"product-type-simple"},"_links":{"self":[{"href":"https:\/\/stayfit.com.ar\/index.php?rest_route=\/wp\/v2\/product\/50795","targetHints":{"allow":["GET"]}}],"collection":[{"href":"https:\/\/stayfit.com.ar\/index.php?rest_route=\/wp\/v2\/product"}],"about":[{"href":"https:\/\/stayfit.com.ar\/index.php?rest_route=\/wp\/v2\/types\/product"}],"wp:featuredmedia":[{"embeddable":true,"href":"https:\/\/stayfit.com.ar\/index.php?rest_route=\/wp\/v2\/media\/50796"}],"wp:attachment":[{"href":"https:\/\/stayfit.com.ar\/index.php?rest_route=%2Fwp%2Fv2%2Fmedia&parent=50795"}],"wp:term":[{"taxonomy":"product_brand","embeddable":true,"href":"https:\/\/stayfit.com.ar\/index.php?rest_route=%2Fwp%2Fv2%2Fproduct_brand&post=50795"},{"taxonomy":"product_cat","embeddable":true,"href":"https:\/\/stayfit.com.ar\/index.php?rest_route=%2Fwp%2Fv2%2Fproduct_cat&post=50795"},{"taxonomy":"product_tag","embeddable":true,"href":"https:\/\/stayfit.com.ar\/index.php?rest_route=%2Fwp%2Fv2%2Fproduct_tag&post=50795"}],"curies":[{"name":"wp","href":"https:\/\/api.w.org\/{rel}","templated":true}]}}