{"id":50804,"date":"2026-04-04T13:08:16","date_gmt":"2026-04-04T16:08:16","guid":{"rendered":"https:\/\/stayfit.com.ar\/?post_type=product&#038;p=50804"},"modified":"2026-04-04T13:21:57","modified_gmt":"2026-04-04T16:21:57","slug":"citrato-magnesio-x-192gr-limonada-60-servicios-ena","status":"publish","type":"product","link":"https:\/\/stayfit.com.ar\/?product=citrato-magnesio-x-192gr-limonada-60-servicios-ena","title":{"rendered":"Citrato Magnesio x 192gr Limonada (60 servicios) ENA"},"content":{"rendered":"<p>DESCRIPCION:<br \/>\nEl citrato de magnesio es una forma altamente absorbible de magnesio LIBRE DE GLUTEN Y SIN TACC, un mineral esencial que desempe\u00f1a un papel fundamental en una amplia variedad de funciones corporales, incluida la salud nerviosa, la funci\u00f3n muscular, el metabolismo energ\u00e9tico y la salud \u00f3sea.<\/p>\n<p>BENEFICIOS:<br \/>\n\u25ba Mejora del Rendimiento<br \/>\n\u25ba Reducci\u00f3n de la Fatiga Muscular<br \/>\n\u25ba Mejora la Recuperaci\u00f3n<br \/>\n\u25ba Apoya la Salud \u00d3sea<br \/>\n\u25ba Apoyo al Sue\u00f1o Reparador<br \/>\n\u25ba Regulaci\u00f3n del Estr\u00e9s<\/p>\n<p>MODO DE USO: se recomienda consumir 1\/2 scoop (3.2 gramos) preferentemente antes de acostarse en la noche, acompa\u00f1ado de un vaso con agua.<\/p>\n","protected":false},"excerpt":{"rendered":"<p>PRESENTACI\u00d3N: en polvo x 192gr. (60 servicios).<\/p>\n<p>Sin T.A.C.C. Libre de gluten.<\/p>\n<p>SABOR: limoanda<\/p>\n<p>BENEFICIOS:<br \/>\n\u25ba Mejora del Rendimiento<br \/>\n\u25ba Reducci\u00f3n de la Fatiga Muscular<br \/>\n\u25ba Mejora la Recuperaci\u00f3n<br \/>\n\u25ba Apoya la Salud \u00d3sea<br \/>\n\u25ba Apoyo al Sue\u00f1o Reparador<br \/>\n\u25ba Regulaci\u00f3n del Estr\u00e9s<br \/>\n\u25ba Regulador de la funci\u00f3n intestinal<\/p>\n","protected":false},"featured_media":50807,"template":"","meta":{"_monsterinsights_skip_tracking":false,"_monsterinsights_sitenote_active":false,"_monsterinsights_sitenote_note":"","_monsterinsights_sitenote_category":0},"product_brand":[],"product_cat":[171,137],"product_tag":[],"class_list":{"0":"post-50804","1":"product","2":"type-product","3":"status-publish","4":"has-post-thumbnail","6":"product_cat-vitaminas","7":"product_cat-ena","9":"first","10":"instock","11":"taxable","12":"shipping-taxable","13":"purchasable","14":"product-type-simple"},"_links":{"self":[{"href":"https:\/\/stayfit.com.ar\/index.php?rest_route=\/wp\/v2\/product\/50804","targetHints":{"allow":["GET"]}}],"collection":[{"href":"https:\/\/stayfit.com.ar\/index.php?rest_route=\/wp\/v2\/product"}],"about":[{"href":"https:\/\/stayfit.com.ar\/index.php?rest_route=\/wp\/v2\/types\/product"}],"wp:featuredmedia":[{"embeddable":true,"href":"https:\/\/stayfit.com.ar\/index.php?rest_route=\/wp\/v2\/media\/50807"}],"wp:attachment":[{"href":"https:\/\/stayfit.com.ar\/index.php?rest_route=%2Fwp%2Fv2%2Fmedia&parent=50804"}],"wp:term":[{"taxonomy":"product_brand","embeddable":true,"href":"https:\/\/stayfit.com.ar\/index.php?rest_route=%2Fwp%2Fv2%2Fproduct_brand&post=50804"},{"taxonomy":"product_cat","embeddable":true,"href":"https:\/\/stayfit.com.ar\/index.php?rest_route=%2Fwp%2Fv2%2Fproduct_cat&post=50804"},{"taxonomy":"product_tag","embeddable":true,"href":"https:\/\/stayfit.com.ar\/index.php?rest_route=%2Fwp%2Fv2%2Fproduct_tag&post=50804"}],"curies":[{"name":"wp","href":"https:\/\/api.w.org\/{rel}","templated":true}]}}