{"id":50833,"date":"2026-04-10T23:55:12","date_gmt":"2026-04-11T02:55:12","guid":{"rendered":"https:\/\/stayfit.com.ar\/?post_type=product&#038;p=50833"},"modified":"2026-04-11T00:04:45","modified_gmt":"2026-04-11T03:04:45","slug":"whey-protein-3kg-mervick","status":"publish","type":"product","link":"https:\/\/stayfit.com.ar\/?product=whey-protein-3kg-mervick","title":{"rendered":"WHEY PROTEIN 3kg MERVICK"},"content":{"rendered":"<p>DESCRIPCION:<\/p>\n<p>Indicaciones:<br \/>\nIndividuos que deseen mantener o aumentar la masa muscular.<br \/>\nDeportistas de alta intensidad<br \/>\nIndividuos con alto desgaste muscular<\/p>\n<p>Caracter\u00edsticas:<br \/>\nSuplemento a base de suero de alta calidad y elevado valor biologico con funci\u00f3n inmunologica, antioxidante y protectora del tejido muscular, destinado a incrementar la masa muscular.<\/p>\n<p>&nbsp;<\/p>\n<p>PRINCIPALES ACCIONES<br \/>\nPROTECCI\u00d3N DEL TEJIDO MUSCULAR<\/p>\n<p>La prote\u00edna de suero tiene un alto contenido de BCAAS \u2013leucina, isoleucina y valina\u2013 amino\u00e1cidos que presentan la funci\u00f3n de inhibir la prote\u00f3lisis o destrucci\u00f3n de prote\u00ednas, evitando as\u00ed el catabolismo muscular. Es por esta raz\u00f3n que las prote\u00ednas de suero desarrollan una importante funci\u00f3n en la protecci\u00f3n muscular. El agregado de glutamina inhibe el catabolismo muscular posterior a la actividad f\u00edsica.<\/p>\n<p>FUNCI\u00d3N INMUNOL\u00d3GICA<\/p>\n<p>La prote\u00edna de suero tiene la capacidad de incrementar la funci\u00f3n inmunitaria de nuestro organismo ya que es una importante fuente de inmunoglobulinas.<\/p>\n<p>FUNCI\u00d3N ANTIOXIDANTE<\/p>\n<p>Cuenta tambi\u00e9n en su composici\u00f3n con distintos compuestos antioxidantes que evitar\u00edan la oxidaci\u00f3n de los l\u00edpidos presentes en las c\u00e9lulas, situaci\u00f3n de destacada importancia en los atletas ya que la actividad f\u00edsica genera una alta cantidad de radicales libres que determinan la oxidaci\u00f3n<\/p>\n","protected":false},"excerpt":{"rendered":"<p>Suplemento diet\u00e9tico en polvo para preparar bebida a base de prote\u00ednas<br \/>\n3 KILOS | 100 SERVICIOS | 24GR DE PROTE\u00cdNA X SERV.<\/p>\n","protected":false},"featured_media":50839,"template":"","meta":{"_monsterinsights_skip_tracking":false,"_monsterinsights_sitenote_active":false,"_monsterinsights_sitenote_note":"","_monsterinsights_sitenote_category":0},"product_brand":[],"product_cat":[201,146],"product_tag":[],"class_list":{"0":"post-50833","1":"product","2":"type-product","3":"status-publish","4":"has-post-thumbnail","6":"product_cat-mervick","7":"product_cat-proteinas","9":"first","10":"instock","11":"taxable","12":"shipping-taxable","13":"purchasable","14":"product-type-variable"},"_links":{"self":[{"href":"https:\/\/stayfit.com.ar\/index.php?rest_route=\/wp\/v2\/product\/50833","targetHints":{"allow":["GET"]}}],"collection":[{"href":"https:\/\/stayfit.com.ar\/index.php?rest_route=\/wp\/v2\/product"}],"about":[{"href":"https:\/\/stayfit.com.ar\/index.php?rest_route=\/wp\/v2\/types\/product"}],"wp:featuredmedia":[{"embeddable":true,"href":"https:\/\/stayfit.com.ar\/index.php?rest_route=\/wp\/v2\/media\/50839"}],"wp:attachment":[{"href":"https:\/\/stayfit.com.ar\/index.php?rest_route=%2Fwp%2Fv2%2Fmedia&parent=50833"}],"wp:term":[{"taxonomy":"product_brand","embeddable":true,"href":"https:\/\/stayfit.com.ar\/index.php?rest_route=%2Fwp%2Fv2%2Fproduct_brand&post=50833"},{"taxonomy":"product_cat","embeddable":true,"href":"https:\/\/stayfit.com.ar\/index.php?rest_route=%2Fwp%2Fv2%2Fproduct_cat&post=50833"},{"taxonomy":"product_tag","embeddable":true,"href":"https:\/\/stayfit.com.ar\/index.php?rest_route=%2Fwp%2Fv2%2Fproduct_tag&post=50833"}],"curies":[{"name":"wp","href":"https:\/\/api.w.org\/{rel}","templated":true}]}}