{"id":50844,"date":"2026-04-11T00:19:33","date_gmt":"2026-04-11T03:19:33","guid":{"rendered":"https:\/\/stayfit.com.ar\/?post_type=product&#038;p=50844"},"modified":"2026-04-11T00:24:20","modified_gmt":"2026-04-11T03:24:20","slug":"whey-protein-3kg-creatina-monohidrato-300gr-mervick","status":"publish","type":"product","link":"https:\/\/stayfit.com.ar\/?product=whey-protein-3kg-creatina-monohidrato-300gr-mervick","title":{"rendered":"WHEY PROTEIN 3KG + CREATINA MONOHIDRATO 300gr MERVICK"},"content":{"rendered":"<p>PROTEINA DESCRIPCION:<\/p>\n<p>Individuos que deseen mantener o aumentar la masa muscular.<br \/>\nDeportistas de alta intensidad<br \/>\nIndividuos con alto desgaste muscular<\/p>\n<p>Caracter\u00edsticas:<br \/>\nSuplemento a base de suero de alta calidad y elevado valor biologico con funci\u00f3n inmunologica, antioxidante y protectora del tejido muscular, destinado a incrementar la masa muscular.<\/p>\n<p>&nbsp;<\/p>\n<p>CREATINA DESCRIPCION:<br \/>\nLa creatina es uno de los complementos deportivos m\u00e1s conocidos y su principal objetivo es fortalecer el tejido muscular. Es producida de forma natural por el cuerpo y est\u00e1 presente en alimentos como el pescado, la carne, los l\u00e1cteos y el huevo. Su consumo a trav\u00e9s de suplementos puede contribuir a un mayor rendimiento en actividades f\u00edsicas que requieran intervalos de fuerza cortos e intensos, como el levantamiento de pesas y otros deportes de alto desgaste que requieren una recuperaci\u00f3n m\u00e1s r\u00e1pida.<br \/>\nMODO DE USO:<br \/>\nLa creatina debe disolverse completamente en l\u00edquidos tales como agua, jugo de frutas o junto al batido de prote\u00edna.<br \/>\nSe recomienda una dosis diaria de 5 gramos. Consulte a su entrenador el mejor esquema de acuerdo a su actividad y objetivos<\/p>\n","protected":false},"excerpt":{"rendered":"<p>Este combo MERVICK te ayudara a incrementar tu masa muscular gracias<br \/>\na la prote\u00edna y mejorar tu resistencia y rendimiento f\u00edsico a la hora de entrenar con la creatina.<\/p>\n","protected":false},"featured_media":50847,"template":"","meta":{"_monsterinsights_skip_tracking":false,"_monsterinsights_sitenote_active":false,"_monsterinsights_sitenote_note":"","_monsterinsights_sitenote_category":0},"product_brand":[],"product_cat":[192,201],"product_tag":[],"class_list":{"0":"post-50844","1":"product","2":"type-product","3":"status-publish","4":"has-post-thumbnail","6":"product_cat-combos","7":"product_cat-mervick","9":"first","10":"instock","11":"taxable","12":"shipping-taxable","13":"purchasable","14":"product-type-simple"},"_links":{"self":[{"href":"https:\/\/stayfit.com.ar\/index.php?rest_route=\/wp\/v2\/product\/50844","targetHints":{"allow":["GET"]}}],"collection":[{"href":"https:\/\/stayfit.com.ar\/index.php?rest_route=\/wp\/v2\/product"}],"about":[{"href":"https:\/\/stayfit.com.ar\/index.php?rest_route=\/wp\/v2\/types\/product"}],"wp:featuredmedia":[{"embeddable":true,"href":"https:\/\/stayfit.com.ar\/index.php?rest_route=\/wp\/v2\/media\/50847"}],"wp:attachment":[{"href":"https:\/\/stayfit.com.ar\/index.php?rest_route=%2Fwp%2Fv2%2Fmedia&parent=50844"}],"wp:term":[{"taxonomy":"product_brand","embeddable":true,"href":"https:\/\/stayfit.com.ar\/index.php?rest_route=%2Fwp%2Fv2%2Fproduct_brand&post=50844"},{"taxonomy":"product_cat","embeddable":true,"href":"https:\/\/stayfit.com.ar\/index.php?rest_route=%2Fwp%2Fv2%2Fproduct_cat&post=50844"},{"taxonomy":"product_tag","embeddable":true,"href":"https:\/\/stayfit.com.ar\/index.php?rest_route=%2Fwp%2Fv2%2Fproduct_tag&post=50844"}],"curies":[{"name":"wp","href":"https:\/\/api.w.org\/{rel}","templated":true}]}}